{"id":64,"date":"2025-06-04T16:36:44","date_gmt":"2025-06-04T14:36:44","guid":{"rendered":"http:\/\/localhost\/sbemn\/?page_id=64"},"modified":"2025-09-03T23:19:58","modified_gmt":"2025-09-03T21:19:58","slug":"miembros-santa-cruz","status":"publish","type":"page","link":"http:\/\/localhost\/sbemn\/index.php\/miembros-santa-cruz\/","title":{"rendered":"Miembros Santa Cruz"},"content":{"rendered":"\n<p>MIEMBROS DE LA SBEMN SANTA CRUZ<\/p>\n\n\n\n<p class=\"has-text-align-center\">1.- ANDREA VELASCO<br>2.- ANG\u00c9LICA FIERRO<br>3.- ANTONIO SU\u00c1REZ<br>4.- BANY SEOANE<br>5.- DOUGLAS VILLARROEL<br>6.- EFRA\u00cdN CASTRO<br>7.- ERICK VARGAS<br>8.- FANNY FUENTES<br>9.- GONZALO MOSCOSO<br>10.-GUILLERMO RODR\u00cdGUEZ<br>11.-HILDA PLATA<br>12.-JOHNNY DUR\u00c1N<br>13.-JOHNNY VARGAS LLANOS<br>14.-JORGE BARTOLOM\u00c9<br>15.-JOSUE VALDEZ<br>16.-LAURA MAZZOCATO<br>17.-LIZ P\u00c9REZ<br>18.-LUC\u00cdA LIJER\u00d3N<br>19.-MARIELA S\u00c1NCHEZ<br>20.-MARILIN CAMACHO<br>21.-MIGUEL V\u00c1SQUEZ<br>22.- NATALIA MERCADO<br>23.- NATALY IBA\u00d1EZ<br>24.- OSCAR TAPIA<br>25.- PAULO PEINADO<br>26.- RIMA RIBERA<br>27.- RONNY L\u00d3PEZ<br>28.- ROXANA BARBERO<br>29.- SHARON SALINAS<br>30.- WILSON CHOQUE<br>31.- YAELY VACA<br>32.- ANDREA BADANI<br>33.- ANDREA BEJARANO<br>34.- DRA FERNANDEZ<br>35.- LENY CASTRO<br>36.- NELLY GARZ\u00d3N<br>37.- NATALY REQUE<br>38.- TANIA JALD\u00cdN<\/p>\n","protected":false},"excerpt":{"rendered":"<p>MIEMBROS DE LA SBEMN SANTA CRUZ 1.- ANDREA VELASCO2.- ANG\u00c9LICA FIERRO3.- ANTONIO SU\u00c1REZ4.- BANY SEOANE5.- DOUGLAS VILLARROEL6.- EFRA\u00cdN CASTRO7.- ERICK VARGAS8.- FANNY FUENTES9.- GONZALO MOSCOSO10.-GUILLERMO RODR\u00cdGUEZ11.-HILDA PLATA12.-JOHNNY DUR\u00c1N13.-JOHNNY VARGAS LLANOS14.-JORGE BARTOLOM\u00c915.-JOSUE VALDEZ16.-LAURA MAZZOCATO17.-LIZ P\u00c9REZ18.-LUC\u00cdA LIJER\u00d3N19.-MARIELA S\u00c1NCHEZ20.-MARILIN CAMACHO21.-MIGUEL V\u00c1SQUEZ22.- NATALIA MERCADO23.- NATALY IBA\u00d1EZ24.- OSCAR TAPIA25.- PAULO PEINADO26.- RIMA RIBERA27.- RONNY L\u00d3PEZ28.- ROXANA BARBERO29.- SHARON SALINAS30.- WILSON [&hellip;]<\/p>\n","protected":false},"author":1,"featured_media":0,"parent":0,"menu_order":0,"comment_status":"closed","ping_status":"closed","template":"","meta":{"saved_in_kubio":false,"footnotes":""},"class_list":["post-64","page","type-page","status-publish","hentry"],"kubio_ai_page_context":{"short_desc":"","purpose":"general"},"_links":{"self":[{"href":"http:\/\/localhost\/sbemn\/index.php\/wp-json\/wp\/v2\/pages\/64","targetHints":{"allow":["GET"]}}],"collection":[{"href":"http:\/\/localhost\/sbemn\/index.php\/wp-json\/wp\/v2\/pages"}],"about":[{"href":"http:\/\/localhost\/sbemn\/index.php\/wp-json\/wp\/v2\/types\/page"}],"author":[{"embeddable":true,"href":"http:\/\/localhost\/sbemn\/index.php\/wp-json\/wp\/v2\/users\/1"}],"replies":[{"embeddable":true,"href":"http:\/\/localhost\/sbemn\/index.php\/wp-json\/wp\/v2\/comments?post=64"}],"version-history":[{"count":3,"href":"http:\/\/localhost\/sbemn\/index.php\/wp-json\/wp\/v2\/pages\/64\/revisions"}],"predecessor-version":[{"id":394,"href":"http:\/\/localhost\/sbemn\/index.php\/wp-json\/wp\/v2\/pages\/64\/revisions\/394"}],"wp:attachment":[{"href":"http:\/\/localhost\/sbemn\/index.php\/wp-json\/wp\/v2\/media?parent=64"}],"curies":[{"name":"wp","href":"https:\/\/api.w.org\/{rel}","templated":true}]}}