{"id":60,"date":"2025-06-04T16:34:41","date_gmt":"2025-06-04T14:34:41","guid":{"rendered":"http:\/\/localhost\/sbemn\/?page_id=60"},"modified":"2025-08-19T21:32:16","modified_gmt":"2025-08-19T19:32:16","slug":"directorio-nacionalgestion-2024-2026","status":"publish","type":"page","link":"http:\/\/localhost\/sbemn\/index.php\/directorio-nacionalgestion-2024-2026\/","title":{"rendered":"Directorio NacionalGesti\u00f3n 2024 \u2013 2026"},"content":{"rendered":"\n<p class=\"has-text-align-center\"><strong>Dr. Rodrigo Espinoza I.<\/strong><br>PRESIDENTE<br><\/p>\n\n\n\n<p class=\"has-text-align-center\"><strong>Dr. Ezequiel Flores<\/strong><br>VICE &#8211; PRESIDENTE<br><\/p>\n\n\n\n<p class=\"has-text-align-center\"><strong>Dra. Shirley Saavedra<\/strong><br>SECRETARIO GENERAL<br><\/p>\n\n\n\n<p class=\"has-text-align-center\"><strong>Dra.&nbsp;Viviana Fern\u00e1ndez<\/strong><br>SECRETARIA DE HACIENDA<br><\/p>\n\n\n\n<p class=\"has-text-align-center\">VOCALES<\/p>\n\n\n\n<p class=\"has-text-align-center\"><strong>Dra. Isabel C\u00e1rdenas<\/strong><\/p>\n\n\n\n<p class=\"has-text-align-center\"><strong>Dr. Gustavo Herrera<\/strong><\/p>\n\n\n\n<p class=\"has-text-align-center\"><br><strong>Dr. Jorge Salda\u00f1a<\/strong><\/p>\n","protected":false},"excerpt":{"rendered":"<p>Dr. Rodrigo Espinoza I.PRESIDENTE Dr. Ezequiel FloresVICE &#8211; PRESIDENTE Dra. Shirley SaavedraSECRETARIO GENERAL Dra.&nbsp;Viviana Fern\u00e1ndezSECRETARIA DE HACIENDA VOCALES Dra. Isabel C\u00e1rdenas Dr. Gustavo Herrera Dr. Jorge Salda\u00f1a<\/p>\n","protected":false},"author":1,"featured_media":0,"parent":0,"menu_order":0,"comment_status":"closed","ping_status":"closed","template":"","meta":{"saved_in_kubio":true,"footnotes":""},"class_list":["post-60","page","type-page","status-publish","hentry"],"kubio_ai_page_context":{"short_desc":"","purpose":"general"},"_links":{"self":[{"href":"http:\/\/localhost\/sbemn\/index.php\/wp-json\/wp\/v2\/pages\/60","targetHints":{"allow":["GET"]}}],"collection":[{"href":"http:\/\/localhost\/sbemn\/index.php\/wp-json\/wp\/v2\/pages"}],"about":[{"href":"http:\/\/localhost\/sbemn\/index.php\/wp-json\/wp\/v2\/types\/page"}],"author":[{"embeddable":true,"href":"http:\/\/localhost\/sbemn\/index.php\/wp-json\/wp\/v2\/users\/1"}],"replies":[{"embeddable":true,"href":"http:\/\/localhost\/sbemn\/index.php\/wp-json\/wp\/v2\/comments?post=60"}],"version-history":[{"count":2,"href":"http:\/\/localhost\/sbemn\/index.php\/wp-json\/wp\/v2\/pages\/60\/revisions"}],"predecessor-version":[{"id":382,"href":"http:\/\/localhost\/sbemn\/index.php\/wp-json\/wp\/v2\/pages\/60\/revisions\/382"}],"wp:attachment":[{"href":"http:\/\/localhost\/sbemn\/index.php\/wp-json\/wp\/v2\/media?parent=60"}],"curies":[{"name":"wp","href":"https:\/\/api.w.org\/{rel}","templated":true}]}}