{"id":175,"date":"2025-06-09T21:39:32","date_gmt":"2025-06-09T19:39:32","guid":{"rendered":"http:\/\/localhost\/sbemn\/?page_id=175"},"modified":"2025-06-09T21:39:32","modified_gmt":"2025-06-09T19:39:32","slug":"tratamiento-de-nodulos-tiroideos","status":"publish","type":"page","link":"http:\/\/localhost\/sbemn\/index.php\/tratamiento-de-nodulos-tiroideos\/","title":{"rendered":"Tratamiento de n\u00f3dulos tiroideos"},"content":{"rendered":"\n<p>La ablaci\u00f3n por radiofrecuencia (ARF) es una t\u00e9cnica m\u00ednimamente invasiva con acceso percut\u00e1neo que se ha utilizado para tratar los n\u00f3dulos benignos de las gl\u00e1ndulas tiroides y paratiroides, consider\u00e1ndose al principio una alternativa a la cirug\u00eda, pero progresivamente la importancia de la ARF como una opci\u00f3n de tratamiento est\u00e1 creciendo, tanto para los n\u00f3dulos benignos s\u00f3lidos y parcialmente qu\u00edsticos.<\/p>\n\n\n\n<p>La ARF se realiza a trav\u00e9s de punciones sucesivas en la regi\u00f3n del n\u00f3dulo por v\u00eda trans\u00edstmica y bajo control visual en tiempo real a trav\u00e9s de la gu\u00eda del procedimiento con ecograf\u00eda.<\/p>\n\n\n\n<p>El 24 de mayo se ha practicado el primer procedimiento en la ciudad de La Paz n una paciente joven con un n\u00f3dulo tiroideo de m\u00e1s de 4 cm en l\u00f3bulo derecho. Esta paciente es consulta hace un a\u00f1o y medio por una enfermedad de Graves y en el examen se encuentra el n\u00f3dulo tiroideo. Luego de la biopsia por punci\u00f3n aspiraci\u00f3n con aguja fina que reporta una lesi\u00f3n benigna de discuten las posibilidades de tratamiento incluyendo la radiofrecuencia que entonces se realzaba ya en Buenos Aires. Ella por la posibilidad de evitar una cicatriz y evitar las posibles complicaciones de la cirug\u00eda se entusiasma con este nuevo procedimiento pero por el elevado costo en Buenos Aires no puede realizarlo. Es entonces que me pregunta si se podr\u00eda hacer el procedimiento en Bolivia.<\/p>\n\n\n\n<p>Luego de una capacitaci\u00f3n en ARF en Hospital Austral bajo al direcci\u00f3n de Dra. Ana Voogd y la adquisici\u00f3n del equipo y las agujas el procedimiento finalmente era posible en La Paz. Realizada la segunda biopsia que confirma la patolog\u00eda benigna la paciente muy entusiasmada se programa para el procedimiento del que sale muy contenta y con una sonrisa.<\/p>\n\n\n\n<p>Cabe recalcar que con este procedimiento se espera que el volumen del n\u00f3dulo se reduzca en 70 a 80% en un a\u00f1o. Es un procedimiento ambulatorio que se realza en quir\u00f3fano bajo sedaci\u00f3n y del que en el futuro podremos reportar una serie de casos.<\/p>\n","protected":false},"excerpt":{"rendered":"<p>La ablaci\u00f3n por radiofrecuencia (ARF) es una t\u00e9cnica m\u00ednimamente invasiva con acceso percut\u00e1neo que se ha utilizado para tratar los n\u00f3dulos benignos de las gl\u00e1ndulas tiroides y paratiroides, consider\u00e1ndose al principio una alternativa a la cirug\u00eda, pero progresivamente la importancia de la ARF como una opci\u00f3n de tratamiento est\u00e1 creciendo, tanto para los n\u00f3dulos benignos [&hellip;]<\/p>\n","protected":false},"author":1,"featured_media":0,"parent":0,"menu_order":0,"comment_status":"closed","ping_status":"closed","template":"","meta":{"saved_in_kubio":false,"footnotes":""},"class_list":["post-175","page","type-page","status-publish","hentry"],"kubio_ai_page_context":{"short_desc":"","purpose":"general"},"_links":{"self":[{"href":"http:\/\/localhost\/sbemn\/index.php\/wp-json\/wp\/v2\/pages\/175","targetHints":{"allow":["GET"]}}],"collection":[{"href":"http:\/\/localhost\/sbemn\/index.php\/wp-json\/wp\/v2\/pages"}],"about":[{"href":"http:\/\/localhost\/sbemn\/index.php\/wp-json\/wp\/v2\/types\/page"}],"author":[{"embeddable":true,"href":"http:\/\/localhost\/sbemn\/index.php\/wp-json\/wp\/v2\/users\/1"}],"replies":[{"embeddable":true,"href":"http:\/\/localhost\/sbemn\/index.php\/wp-json\/wp\/v2\/comments?post=175"}],"version-history":[{"count":1,"href":"http:\/\/localhost\/sbemn\/index.php\/wp-json\/wp\/v2\/pages\/175\/revisions"}],"predecessor-version":[{"id":176,"href":"http:\/\/localhost\/sbemn\/index.php\/wp-json\/wp\/v2\/pages\/175\/revisions\/176"}],"wp:attachment":[{"href":"http:\/\/localhost\/sbemn\/index.php\/wp-json\/wp\/v2\/media?parent=175"}],"curies":[{"name":"wp","href":"https:\/\/api.w.org\/{rel}","templated":true}]}}